{"id":181,"date":"2023-01-04T18:54:32","date_gmt":"2023-01-04T18:54:32","guid":{"rendered":"http:\/\/www.skynext.tech\/?page_id=181"},"modified":"2024-05-26T19:45:48","modified_gmt":"2024-05-26T18:45:48","slug":"services-proposes","status":"publish","type":"page","link":"https:\/\/www.skynext.tech\/","title":{"rendered":"Ressources et Services propos\u00e9s"},"content":{"rendered":"\n<h2 class=\"wp-block-heading\">Ressources :<\/h2>\n\n\n<ul class=\"display-posts-listing\"><li class=\"listing-item\"><a class=\"title\" href=\"https:\/\/www.skynext.tech\/index.php\/2026\/02\/13\/usb-2-0-high-speed-bulk-endpoints-on-arduino-due-mcu-and-libusb-interfacing-on-linux\/\">USB 2.0 (High-Speed) bulk endpoints on Arduino Due MCU and libusb interfacing on Linux.<\/a> <span class=\"category-display\"><span class=\"category-display-label\">Posted in:<\/span> <a href=\"https:\/\/www.skynext.tech\/index.php\/category\/diy-projects\/\">DIY Projects<\/a>, <a href=\"https:\/\/www.skynext.tech\/index.php\/category\/information-technology\/\">Information Technology<\/a><\/span><\/li><li class=\"listing-item\"><a class=\"title\" href=\"https:\/\/www.skynext.tech\/index.php\/2026\/01\/14\/pmu-001-usb-phasor-measurement-unit-with-frequency-logging-four-quadrant-power-analysis-and-harmonics-analysis\/\">PMU-001 : USB Phasor measurement unit with frequency logging, four quadrant power analysis and harmonics analysis<\/a> <span class=\"category-display\"><span class=\"category-display-label\">Posted in:<\/span> <a href=\"https:\/\/www.skynext.tech\/index.php\/category\/electrotechnical-designs\/\">Electrotechnical Designs<\/a>, <a href=\"https:\/\/www.skynext.tech\/index.php\/category\/metrology\/\">Metrology<\/a><\/span><\/li><li class=\"listing-item\"><a class=\"title\" href=\"https:\/\/www.skynext.tech\/index.php\/2025\/08\/26\/analog-devices-ad7606-8-on-raspberry-pi-zero-w\/\">Analog Devices AD7606-8 on Raspberry pi zero W<\/a> <span class=\"category-display\"><span class=\"category-display-label\">Posted in:<\/span> <a href=\"https:\/\/www.skynext.tech\/index.php\/category\/diy-projects\/\">DIY Projects<\/a>, <a href=\"https:\/\/www.skynext.tech\/index.php\/category\/metrology\/\">Metrology<\/a>, <a href=\"https:\/\/www.skynext.tech\/index.php\/category\/studies-and-reports\/\">Studies and Reports<\/a><\/span><\/li><li class=\"listing-item\"><a class=\"title\" href=\"https:\/\/www.skynext.tech\/index.php\/2024\/12\/14\/2025-reasearch-strategy-forecast-and-2024-annual-report\/\">2025 R&amp;D Strategy forecast and  2024 Annual report.<\/a> <span class=\"category-display\"><span class=\"category-display-label\">Posted in:<\/span> <a href=\"https:\/\/www.skynext.tech\/index.php\/category\/studies-and-reports\/\">Studies and Reports<\/a><\/span><\/li><li class=\"listing-item\"><a class=\"title\" href=\"https:\/\/www.skynext.tech\/index.php\/2024\/08\/31\/geiger-muller-counter-interfacing-with-raspberry-pi\/\">Geiger-Muller counter interfacing with Raspberry Pi.<\/a> <span class=\"category-display\"><span class=\"category-display-label\">Posted in:<\/span> <a href=\"https:\/\/www.skynext.tech\/index.php\/category\/metrology\/\">Metrology<\/a><\/span><\/li><li class=\"listing-item\"><a class=\"title\" href=\"https:\/\/www.skynext.tech\/index.php\/2023\/10\/15\/lightweight-english-text-stream-compression-in-python\/\">Lightweight ASCII English Text Stream Compression in Python.<\/a> <span class=\"category-display\"><span class=\"category-display-label\">Posted in:<\/span> <a href=\"https:\/\/www.skynext.tech\/index.php\/category\/information-technology\/\">Information Technology<\/a><\/span><\/li><li class=\"listing-item\"><a class=\"title\" href=\"https:\/\/www.skynext.tech\/index.php\/2023\/09\/24\/audio-shelving-filter-with-resonance\/\">Audio shelving filter with resonance.<\/a> <span class=\"category-display\"><span class=\"category-display-label\">Posted in:<\/span> <a href=\"https:\/\/www.skynext.tech\/index.php\/category\/audio\/\">Audio<\/a><\/span><\/li><li class=\"listing-item\"><a class=\"title\" href=\"https:\/\/www.skynext.tech\/index.php\/2023\/09\/20\/a-broad-assessment-of-the-e-waste-management-problem-and-pragmatic-strategies\/\">A broad assessment of the e-waste management problem and pragmatic strategies to increase recovery valuation.<\/a> <span class=\"category-display\"><span class=\"category-display-label\">Posted in:<\/span> <a href=\"https:\/\/www.skynext.tech\/index.php\/category\/studies-and-reports\/\">Studies and Reports<\/a><\/span><\/li><li class=\"listing-item\"><a class=\"title\" href=\"https:\/\/www.skynext.tech\/index.php\/2023\/09\/11\/ltspice-synchronous-generator-model-in-abc-reference-frame-coupled-with-vawt-prime-mover-and-dc-battery-charging-load\/\">Ltspice synchronous generator model in abc reference frame coupled with VAWT prime mover and DC battery charging load.<\/a> <span class=\"category-display\"><span class=\"category-display-label\">Posted in:<\/span> <a href=\"https:\/\/www.skynext.tech\/index.php\/category\/studies-and-reports\/\">Studies and Reports<\/a><\/span><\/li><li class=\"listing-item\"><a class=\"title\" href=\"https:\/\/www.skynext.tech\/index.php\/2023\/07\/12\/230vac-to-48v-1400w-lead-acid-battery-bank-charging-circuit\/\">230VAC to 48V, 1400W Lead-Acid battery bank charging circuit<\/a> <span class=\"category-display\"><span class=\"category-display-label\">Posted in:<\/span> <a href=\"https:\/\/www.skynext.tech\/index.php\/category\/electrotechnical-designs\/\">Electrotechnical Designs<\/a><\/span><\/li><li class=\"listing-item\"><a class=\"title\" href=\"https:\/\/www.skynext.tech\/index.php\/2023\/06\/11\/ltspice-model-of-an-isolated-48v-to-400v-1600w-push-pull-converter-using-chan-model-inductors-using-the-ltc3721-ic\/\">Ltspice Model of an isolated, 48V to 400V, 1600W, Push-Pull converter using Chan model inductors, using the LTC3721 IC.<\/a> <span class=\"category-display\"><span class=\"category-display-label\">Posted in:<\/span> <a href=\"https:\/\/www.skynext.tech\/index.php\/category\/electrotechnical-designs\/\">Electrotechnical Designs<\/a><\/span><\/li><li class=\"listing-item\"><a class=\"title\" href=\"https:\/\/www.skynext.tech\/index.php\/2023\/06\/05\/sc-120w-review\/\">SC-120W 12V PSU with UPS function review.<\/a> <span class=\"category-display\"><span class=\"category-display-label\">Posted in:<\/span> <a href=\"https:\/\/www.skynext.tech\/index.php\/category\/power-electronics-reviews\/\">Power Electronics Reviews<\/a><\/span><\/li><li class=\"listing-item\"><a class=\"title\" href=\"https:\/\/www.skynext.tech\/index.php\/2023\/05\/31\/thermionic-vst3\/\">Thermionic VST3<\/a> <span class=\"category-display\"><span class=\"category-display-label\">Posted in:<\/span> <a href=\"https:\/\/www.skynext.tech\/index.php\/category\/audio\/\">Audio<\/a><\/span><\/li><li class=\"listing-item\"><a class=\"title\" href=\"https:\/\/www.skynext.tech\/index.php\/2023\/05\/09\/the-knee-breaker\/\">The knee-breaker<\/a> <span class=\"category-display\"><span class=\"category-display-label\">Posted in:<\/span> <a href=\"https:\/\/www.skynext.tech\/index.php\/category\/audio\/\">Audio<\/a><\/span><\/li><li class=\"listing-item\"><a class=\"title\" href=\"https:\/\/www.skynext.tech\/index.php\/2023\/01\/25\/single-phase-inverter-synchronization-to-mains-using-time-continuous-phase-difference-approximation-with-analog-components\/\">Single phase Inverter synchronization to mains using time continuous phase angle approximation with analog components<\/a> <span class=\"category-display\"><span class=\"category-display-label\">Posted in:<\/span> <a href=\"https:\/\/www.skynext.tech\/index.php\/category\/electrotechnical-designs\/\">Electrotechnical Designs<\/a><\/span><\/li><li class=\"listing-item\"><a class=\"title\" href=\"https:\/\/www.skynext.tech\/index.php\/2023\/01\/16\/single-phase-inverter-synchronization-to-mains-phase-using-the-zero-crossing-method-and-proportional-derivative-control-with-analog-components\/\">Single phase Inverter synchronization to mains using the zero crossing method and proportional \/ derivative control with analog components.<\/a> <span class=\"category-display\"><span class=\"category-display-label\">Posted in:<\/span> <a href=\"https:\/\/www.skynext.tech\/index.php\/category\/electrotechnical-designs\/\">Electrotechnical Designs<\/a><\/span><\/li><li class=\"listing-item\"><a class=\"title\" href=\"https:\/\/www.skynext.tech\/index.php\/2023\/01\/12\/egmicro-egs005-board-review\/\">EGMicro EGS005 board review<\/a> <span class=\"category-display\"><span class=\"category-display-label\">Posted in:<\/span> <a href=\"https:\/\/www.skynext.tech\/index.php\/category\/power-electronics-reviews\/\">Power Electronics Reviews<\/a><\/span><\/li><li class=\"listing-item\"><a class=\"title\" href=\"https:\/\/www.skynext.tech\/index.php\/2023\/01\/10\/egmicro-egs00x-boards-review\/\">EGMicro EGS002 board review<\/a> <span class=\"category-display\"><span class=\"category-display-label\">Posted in:<\/span> <a href=\"https:\/\/www.skynext.tech\/index.php\/category\/power-electronics-reviews\/\">Power Electronics Reviews<\/a><\/span><\/li><li class=\"listing-item\"><a class=\"title\" href=\"https:\/\/www.skynext.tech\/index.php\/2023\/01\/09\/400v-dc-to-230v-ac-pure-sine-wave-inverter-model-using-ltspice\/\">400V DC to 230V AC pure sine wave inverter model using LTSpice.<\/a> <span class=\"category-display\"><span class=\"category-display-label\">Posted in:<\/span> <a href=\"https:\/\/www.skynext.tech\/index.php\/category\/electrotechnical-designs\/\">Electrotechnical Designs<\/a><\/span><\/li><li class=\"listing-item\"><a class=\"title\" href=\"https:\/\/www.skynext.tech\/index.php\/2023\/01\/07\/230v-dc-redundant-network-with-a-renewable-energy-source-and-ac-auxiliary-power-input\/\">230V DC redundant network with a renewable energy source and AC auxiliary power input.<\/a> <span class=\"category-display\"><span class=\"category-display-label\">Posted in:<\/span> <a href=\"https:\/\/www.skynext.tech\/index.php\/category\/electrotechnical-designs\/\">Electrotechnical Designs<\/a><\/span><\/li><li class=\"listing-item\"><a class=\"title\" href=\"https:\/\/www.skynext.tech\/index.php\/2023\/01\/05\/linux-to-windows-backup-using-cygwin-and-rsync\/\">Linux to Windows backup using Cygwin and Rsync<\/a> <span class=\"category-display\"><span class=\"category-display-label\">Posted in:<\/span> <a href=\"https:\/\/www.skynext.tech\/index.php\/category\/information-technology\/\">Information Technology<\/a><\/span><\/li><li class=\"listing-item\"><a class=\"title\" href=\"https:\/\/www.skynext.tech\/index.php\/2022\/12\/27\/design-and-fast-prototyping-of-a-milk-curd-stirrer-and-heater-using-arduino\/\">Design and fast prototyping of a milk curd stirrer and heater using Arduino.<\/a> <span class=\"category-display\"><span class=\"category-display-label\">Posted in:<\/span> <a href=\"https:\/\/www.skynext.tech\/index.php\/category\/diy-projects\/\">DIY Projects<\/a><\/span><\/li><li class=\"listing-item\"><a class=\"title\" href=\"https:\/\/www.skynext.tech\/index.php\/2022\/11\/11\/3-phase-modbus-smart-power-meter-with-relay-actions-and-power-line-communication-telemetry\/\">3 Phase Modbus Smart Power meter with relay actions and power line communication telemetry<\/a> <span class=\"category-display\"><span class=\"category-display-label\">Posted in:<\/span> <a href=\"https:\/\/www.skynext.tech\/index.php\/category\/diy-projects\/\">DIY Projects<\/a><\/span><\/li><li class=\"listing-item\"><a class=\"title\" href=\"https:\/\/www.skynext.tech\/index.php\/2021\/01\/29\/an-xr-2206-based-vco-analog-synthesizer\/\">The Synth1 project<\/a> <span class=\"category-display\"><span class=\"category-display-label\">Posted in:<\/span> <a href=\"https:\/\/www.skynext.tech\/index.php\/category\/diy-projects\/\">DIY Projects<\/a><\/span><\/li><\/ul>\n\n\n\n<h2 class=\"wp-block-heading\">Ressources n\u00e9cessitant souscription (payant)<\/h2>\n\n\n\n<figure class=\"wp-block-embed is-type-wp-embed is-provider-skynext-tech wp-block-embed-skynext-tech\"><div class=\"wp-block-embed__wrapper\">\n<blockquote class=\"wp-embedded-content\" data-secret=\"0RhhyuX22W\"><a href=\"https:\/\/www.skynext.tech\/index.php\/2023\/09\/20\/a-broad-assessment-of-the-e-waste-management-problem-and-pragmatic-strategies\/\">A broad assessment of the e-waste management problem and pragmatic strategies to increase recovery valuation.<\/a><\/blockquote><iframe loading=\"lazy\" class=\"wp-embedded-content\" sandbox=\"allow-scripts\" security=\"restricted\" style=\"position: absolute; clip: rect(1px, 1px, 1px, 1px);\" title=\"&#8220;A broad assessment of the e-waste management problem and pragmatic strategies to increase recovery valuation.&#8221; &#8212; SKYNEXT Tech.\" src=\"https:\/\/www.skynext.tech\/index.php\/2023\/09\/20\/a-broad-assessment-of-the-e-waste-management-problem-and-pragmatic-strategies\/embed\/#?secret=bI8XyR3ju9#?secret=0RhhyuX22W\" data-secret=\"0RhhyuX22W\" width=\"600\" height=\"338\" frameborder=\"0\" marginwidth=\"0\" marginheight=\"0\" scrolling=\"no\"><\/iframe>\n<\/div><\/figure>\n\n\n\n<h2 class=\"wp-block-heading\">Services propos\u00e9s :<\/h2>\n\n\n\n<ul class=\"wp-block-list\">\n<li><strong>Ing\u00e9nierie inverse en \u00e9lectronique de puissance<\/strong><\/li>\n\n\n\n<li>Support et consulting en prototypage rapide \u00e9lectronique<\/li>\n\n\n\n<li>Coaching pour \u00e9tudiants en \u00e9lectronique, intervenants freelance, porteurs de projets, avec emphase dans les aspects suivants :\n<ul class=\"wp-block-list\">\n<li>D\u00e9finition d&#8217;un flux de travail adapt\u00e9 \u00e0 votre projet.<\/li>\n\n\n\n<li>D\u00e9finition des fonctionnalit\u00e9s du projet et leur viabilit\u00e9 en terme de ressources et de faisabilit\u00e9.<\/li>\n\n\n\n<li>D\u00e9finition des contraintes<\/li>\n\n\n\n<li>D\u00e9finition du p\u00e9rim\u00e8tre &#8220;proof of concept&#8221;<\/li>\n\n\n\n<li>Conception et r\u00e9alisation d&#8217;un pr\u00e9-protoype<\/li>\n\n\n\n<li>Simulation (LTSpice) pour l&#8217;\u00e9lectronique analogique<\/li>\n\n\n\n<li>Sourcing de composants et logistique associ\u00e9e.<\/li>\n\n\n\n<li>D\u00e9finition de la nomenclature des mat\u00e9riaux (BOM)<\/li>\n\n\n\n<li>Tenue de la documentation projet et d&#8217;un journal projet<\/li>\n\n\n\n<li>Utilisation des outils d&#8217;EDA pour les sch\u00e9mas circuits et le design de circuits imprim\u00e9s<\/li>\n\n\n\n<li>Packaging projet et gestion des contraintes d&#8217;espace<\/li>\n\n\n\n<li>Commande de circuits imprim\u00e9s<\/li>\n\n\n\n<li>Assemblage et tests<\/li>\n\n\n\n<li>D\u00e9veloppement et tests code embarqu\u00e9<\/li>\n<\/ul>\n<\/li>\n<\/ul>\n","protected":false},"excerpt":{"rendered":"<p>Ressources : Ressources n\u00e9cessitant souscription (payant) Services propos\u00e9s :<\/p>\n","protected":false},"author":1,"featured_media":0,"parent":0,"menu_order":0,"comment_status":"closed","ping_status":"closed","template":"","meta":{"_editorskit_title_hidden":false,"_editorskit_reading_time":0,"_editorskit_is_block_options_detached":false,"_editorskit_block_options_position":"{}","pmpro_default_level":"","footnotes":""},"class_list":["post-181","page","type-page","status-publish","hentry","pmpro-has-access"],"yoast_head":"<!-- This site is optimized with the Yoast SEO plugin v25.9 - https:\/\/yoast.com\/wordpress\/plugins\/seo\/ -->\n<title>Ressources et Services propos\u00e9s - SKYNEXT Tech.<\/title>\n<meta name=\"description\" content=\"We offer services in power electronics reverse engineering &amp; EDA &amp; Electronics coaching and training &amp; We also specialize in small size farming automation. Contact us now.\" \/>\n<meta name=\"robots\" content=\"index, follow, max-snippet:-1, max-image-preview:large, max-video-preview:-1\" \/>\n<link rel=\"canonical\" href=\"https:\/\/www.skynext.tech\/\" \/>\n<meta property=\"og:locale\" content=\"en_US\" \/>\n<meta property=\"og:type\" content=\"article\" \/>\n<meta property=\"og:title\" content=\"Ressources et Services propos\u00e9s - SKYNEXT Tech.\" \/>\n<meta property=\"og:description\" content=\"We offer services in power electronics reverse engineering &amp; EDA &amp; Electronics coaching and training &amp; We also specialize in small size farming automation. Contact us now.\" \/>\n<meta property=\"og:url\" content=\"https:\/\/www.skynext.tech\/\" \/>\n<meta property=\"og:site_name\" content=\"SKYNEXT Tech.\" \/>\n<meta property=\"article:modified_time\" content=\"2024-05-26T18:45:48+00:00\" \/>\n<meta name=\"twitter:card\" content=\"summary_large_image\" \/>\n<meta name=\"twitter:label1\" content=\"Est. reading time\" \/>\n\t<meta name=\"twitter:data1\" content=\"1 minute\" \/>\n<script type=\"application\/ld+json\" class=\"yoast-schema-graph\">{\"@context\":\"https:\/\/schema.org\",\"@graph\":[{\"@type\":\"WebPage\",\"@id\":\"https:\/\/www.skynext.tech\/\",\"url\":\"https:\/\/www.skynext.tech\/\",\"name\":\"Ressources et Services propos\u00e9s - SKYNEXT Tech.\",\"isPartOf\":{\"@id\":\"https:\/\/www.skynext.tech\/#website\"},\"datePublished\":\"2023-01-04T18:54:32+00:00\",\"dateModified\":\"2024-05-26T18:45:48+00:00\",\"description\":\"We offer services in power electronics reverse engineering & EDA & Electronics coaching and training & We also specialize in small size farming automation. Contact us now.\",\"breadcrumb\":{\"@id\":\"https:\/\/www.skynext.tech\/#breadcrumb\"},\"inLanguage\":\"en-US\",\"potentialAction\":[{\"@type\":\"ReadAction\",\"target\":[\"https:\/\/www.skynext.tech\/\"]}]},{\"@type\":\"BreadcrumbList\",\"@id\":\"https:\/\/www.skynext.tech\/#breadcrumb\",\"itemListElement\":[{\"@type\":\"ListItem\",\"position\":1,\"name\":\"Home\",\"item\":\"https:\/\/www.skynext.tech\/\"},{\"@type\":\"ListItem\",\"position\":2,\"name\":\"Ressources et Services propos\u00e9s\"}]},{\"@type\":\"WebSite\",\"@id\":\"https:\/\/www.skynext.tech\/#website\",\"url\":\"https:\/\/www.skynext.tech\/\",\"name\":\"SKYNEXT Tech.\",\"description\":\"Power Electronics &amp; Reverse Engineering\",\"publisher\":{\"@id\":\"https:\/\/www.skynext.tech\/#organization\"},\"potentialAction\":[{\"@type\":\"SearchAction\",\"target\":{\"@type\":\"EntryPoint\",\"urlTemplate\":\"https:\/\/www.skynext.tech\/?s={search_term_string}\"},\"query-input\":{\"@type\":\"PropertyValueSpecification\",\"valueRequired\":true,\"valueName\":\"search_term_string\"}}],\"inLanguage\":\"en-US\"},{\"@type\":\"Organization\",\"@id\":\"https:\/\/www.skynext.tech\/#organization\",\"name\":\"SKYNEXT Tech.\",\"alternateName\":\"DELIVERYSIMO EIRL\",\"url\":\"https:\/\/www.skynext.tech\/\",\"logo\":{\"@type\":\"ImageObject\",\"inLanguage\":\"en-US\",\"@id\":\"https:\/\/www.skynext.tech\/#\/schema\/logo\/image\/\",\"url\":\"https:\/\/www.skynext.tech\/wp-content\/uploads\/2019\/09\/cropped-SKYNEXT_logo_square-2.png\",\"contentUrl\":\"https:\/\/www.skynext.tech\/wp-content\/uploads\/2019\/09\/cropped-SKYNEXT_logo_square-2.png\",\"width\":210,\"height\":210,\"caption\":\"SKYNEXT Tech.\"},\"image\":{\"@id\":\"https:\/\/www.skynext.tech\/#\/schema\/logo\/image\/\"}}]}<\/script>\n<!-- \/ Yoast SEO plugin. -->","yoast_head_json":{"title":"Ressources et Services propos\u00e9s - SKYNEXT Tech.","description":"We offer services in power electronics reverse engineering & EDA & Electronics coaching and training & We also specialize in small size farming automation. Contact us now.","robots":{"index":"index","follow":"follow","max-snippet":"max-snippet:-1","max-image-preview":"max-image-preview:large","max-video-preview":"max-video-preview:-1"},"canonical":"https:\/\/www.skynext.tech\/","og_locale":"en_US","og_type":"article","og_title":"Ressources et Services propos\u00e9s - SKYNEXT Tech.","og_description":"We offer services in power electronics reverse engineering & EDA & Electronics coaching and training & We also specialize in small size farming automation. Contact us now.","og_url":"https:\/\/www.skynext.tech\/","og_site_name":"SKYNEXT Tech.","article_modified_time":"2024-05-26T18:45:48+00:00","twitter_card":"summary_large_image","twitter_misc":{"Est. reading time":"1 minute"},"schema":{"@context":"https:\/\/schema.org","@graph":[{"@type":"WebPage","@id":"https:\/\/www.skynext.tech\/","url":"https:\/\/www.skynext.tech\/","name":"Ressources et Services propos\u00e9s - SKYNEXT Tech.","isPartOf":{"@id":"https:\/\/www.skynext.tech\/#website"},"datePublished":"2023-01-04T18:54:32+00:00","dateModified":"2024-05-26T18:45:48+00:00","description":"We offer services in power electronics reverse engineering & EDA & Electronics coaching and training & We also specialize in small size farming automation. Contact us now.","breadcrumb":{"@id":"https:\/\/www.skynext.tech\/#breadcrumb"},"inLanguage":"en-US","potentialAction":[{"@type":"ReadAction","target":["https:\/\/www.skynext.tech\/"]}]},{"@type":"BreadcrumbList","@id":"https:\/\/www.skynext.tech\/#breadcrumb","itemListElement":[{"@type":"ListItem","position":1,"name":"Home","item":"https:\/\/www.skynext.tech\/"},{"@type":"ListItem","position":2,"name":"Ressources et Services propos\u00e9s"}]},{"@type":"WebSite","@id":"https:\/\/www.skynext.tech\/#website","url":"https:\/\/www.skynext.tech\/","name":"SKYNEXT Tech.","description":"Power Electronics &amp; Reverse Engineering","publisher":{"@id":"https:\/\/www.skynext.tech\/#organization"},"potentialAction":[{"@type":"SearchAction","target":{"@type":"EntryPoint","urlTemplate":"https:\/\/www.skynext.tech\/?s={search_term_string}"},"query-input":{"@type":"PropertyValueSpecification","valueRequired":true,"valueName":"search_term_string"}}],"inLanguage":"en-US"},{"@type":"Organization","@id":"https:\/\/www.skynext.tech\/#organization","name":"SKYNEXT Tech.","alternateName":"DELIVERYSIMO EIRL","url":"https:\/\/www.skynext.tech\/","logo":{"@type":"ImageObject","inLanguage":"en-US","@id":"https:\/\/www.skynext.tech\/#\/schema\/logo\/image\/","url":"https:\/\/www.skynext.tech\/wp-content\/uploads\/2019\/09\/cropped-SKYNEXT_logo_square-2.png","contentUrl":"https:\/\/www.skynext.tech\/wp-content\/uploads\/2019\/09\/cropped-SKYNEXT_logo_square-2.png","width":210,"height":210,"caption":"SKYNEXT Tech."},"image":{"@id":"https:\/\/www.skynext.tech\/#\/schema\/logo\/image\/"}}]}},"_links":{"self":[{"href":"https:\/\/www.skynext.tech\/index.php\/wp-json\/wp\/v2\/pages\/181","targetHints":{"allow":["GET"]}}],"collection":[{"href":"https:\/\/www.skynext.tech\/index.php\/wp-json\/wp\/v2\/pages"}],"about":[{"href":"https:\/\/www.skynext.tech\/index.php\/wp-json\/wp\/v2\/types\/page"}],"author":[{"embeddable":true,"href":"https:\/\/www.skynext.tech\/index.php\/wp-json\/wp\/v2\/users\/1"}],"replies":[{"embeddable":true,"href":"https:\/\/www.skynext.tech\/index.php\/wp-json\/wp\/v2\/comments?post=181"}],"version-history":[{"count":7,"href":"https:\/\/www.skynext.tech\/index.php\/wp-json\/wp\/v2\/pages\/181\/revisions"}],"predecessor-version":[{"id":1213,"href":"https:\/\/www.skynext.tech\/index.php\/wp-json\/wp\/v2\/pages\/181\/revisions\/1213"}],"wp:attachment":[{"href":"https:\/\/www.skynext.tech\/index.php\/wp-json\/wp\/v2\/media?parent=181"}],"curies":[{"name":"wp","href":"https:\/\/api.w.org\/{rel}","templated":true}]}}