{"id":158,"date":"2023-01-04T17:06:32","date_gmt":"2023-01-04T16:06:32","guid":{"rendered":"http:\/\/www.skynext.tech\/index.php\/about\/"},"modified":"2024-05-25T18:41:45","modified_gmt":"2024-05-25T17:41:45","slug":"about","status":"publish","type":"page","link":"https:\/\/www.skynext.tech\/index.php\/about\/","title":{"rendered":"A propos&#8230;"},"content":{"rendered":"\n<figure class=\"wp-block-table\"><table><tbody><tr><td>Informations l\u00e9gales \/ Legal data :<br>SKYNEXT RODRIGO VERISSIMO<br>Bat A44<br>27 Avenue Chenard et Walcker<br>92230 GENNEVILLIERS<br>FRANCE<br>981 994 643 R.C.S. Nanterre<\/td><\/tr><\/tbody><\/table><\/figure>\n\n\n\n<p>Nous nous sp\u00e9cialisons dans l&#8217;\u00e9lectronique modulaire et les syst\u00e8mes embarqu\u00e9s. Nos r\u00e9alisations sont essentiellement \u00e0 destination du secteur agricole pour les exploitations de taille modeste et plus pr\u00e9cis\u00e9ment dans les sp\u00e9cialit\u00e9s suivantes :<\/p>\n\n\n\n<ul class=\"wp-block-list\">\n<li>Contr\u00f4leurs d&#8217;irrigation et d&#8217;environnement pour serres<\/li>\n\n\n\n<li>Installations photovolta\u00efques off-line et d\u00e9port\u00e9es<\/li>\n\n\n\n<li>Stations m\u00e9t\u00e9orologiques<\/li>\n\n\n\n<li>Industrie fromag\u00e8re et transformation du lait.<\/li>\n\n\n\n<li>Supervision et m\u00e9trologie de syst\u00e8mes de distribution \u00e9lectrique triphas\u00e9s (smart meters)<\/li>\n<\/ul>\n\n\n\n<p>Nous r\u00e9alisons \u00e9galement des \u00e9tudes dans les domaines suivants :<\/p>\n\n\n\n<ul class=\"wp-block-list\">\n<li>Ing\u00e9nierie du son et DSP<\/li>\n<\/ul>\n\n\n\n<p>Nous disposons d&#8217;une plateforme de tests en milieu rural adapt\u00e9e \u00e0 la conduite de projets et d&#8217;\u00e9tudes.<\/p>\n\n\n\n<p>Ayant \u00e9galement une vaste exp\u00e9rience dans l&#8217;administration syst\u00e8mes et r\u00e9seaux, nous nous positionnons en terme de savoir-faire \u00e0 la convergence de l&#8217;informatique et de l&#8217;\u00e9lectronique ainsi que de l&#8217;\u00e9lectricit\u00e9 g\u00e9n\u00e9rale courants forts \/ courants faibles \/ radio\u00e9lectricit\u00e9 dans la ma\u00eetrise d&#8217;oeuvre \/ ma\u00eetrise d&#8217;ouvrage de projets tels que :<\/p>\n\n\n\n<ul class=\"wp-block-list\">\n<li>Infrastructure IoT<\/li>\n\n\n\n<li>D\u00e9ploiements de datacenters<\/li>\n<\/ul>\n\n\n\n<p>N&#8217;h\u00e9sitez pas \u00e0 nous contacter pour toute information suppl\u00e9mentaire : <a href=\"https:\/\/www.skynext.tech\/index.php\/contact\/\" class=\"ek-link\">https:\/\/www.skynext.tech\/index.php\/contact\/<\/a><\/p>\n","protected":false},"excerpt":{"rendered":"<p>Informations l\u00e9gales \/ Legal data :SKYNEXT RODRIGO VERISSIMOBat A4427 Avenue Chenard et Walcker92230 GENNEVILLIERSFRANCE981 994 643 R.C.S. Nanterre Nous nous sp\u00e9cialisons dans l&#8217;\u00e9lectronique modulaire et les syst\u00e8mes embarqu\u00e9s. Nos r\u00e9alisations sont essentiellement \u00e0 destination du secteur agricole pour les exploitations de taille modeste et plus pr\u00e9cis\u00e9ment dans les sp\u00e9cialit\u00e9s suivantes : Nous r\u00e9alisons \u00e9galement des<\/p><\/div>\n<div class=\"blog-btn\"><a href=\"https:\/\/www.skynext.tech\/index.php\/about\/\" class=\"home-blog-btn\">Read More<\/a><\/p>\n","protected":false},"author":1,"featured_media":0,"parent":0,"menu_order":0,"comment_status":"closed","ping_status":"closed","template":"","meta":{"_editorskit_title_hidden":false,"_editorskit_reading_time":0,"_editorskit_is_block_options_detached":false,"_editorskit_block_options_position":"{}","pmpro_default_level":"","footnotes":""},"class_list":["post-158","page","type-page","status-publish","hentry","pmpro-has-access"],"yoast_head":"<!-- This site is optimized with the Yoast SEO plugin v25.9 - https:\/\/yoast.com\/wordpress\/plugins\/seo\/ -->\n<title>A propos... - SKYNEXT Tech.<\/title>\n<meta name=\"description\" content=\"We offer services in power electronics reverse engineering &amp; EDA &amp; Electronics coaching and training &amp; We also specialize in small size farming automation. Contact us now.\" \/>\n<meta name=\"robots\" content=\"index, follow, max-snippet:-1, max-image-preview:large, max-video-preview:-1\" \/>\n<link rel=\"canonical\" href=\"https:\/\/www.skynext.tech\/index.php\/about\/\" \/>\n<meta property=\"og:locale\" content=\"en_US\" \/>\n<meta property=\"og:type\" content=\"article\" \/>\n<meta property=\"og:title\" content=\"A propos... - SKYNEXT Tech.\" \/>\n<meta property=\"og:description\" content=\"We offer services in power electronics reverse engineering &amp; EDA &amp; Electronics coaching and training &amp; We also specialize in small size farming automation. Contact us now.\" \/>\n<meta property=\"og:url\" content=\"https:\/\/www.skynext.tech\/index.php\/about\/\" \/>\n<meta property=\"og:site_name\" content=\"SKYNEXT Tech.\" \/>\n<meta property=\"article:modified_time\" content=\"2024-05-25T17:41:45+00:00\" \/>\n<meta name=\"twitter:card\" content=\"summary_large_image\" \/>\n<meta name=\"twitter:label1\" content=\"Est. reading time\" \/>\n\t<meta name=\"twitter:data1\" content=\"1 minute\" \/>\n<script type=\"application\/ld+json\" class=\"yoast-schema-graph\">{\"@context\":\"https:\/\/schema.org\",\"@graph\":[{\"@type\":\"WebPage\",\"@id\":\"https:\/\/www.skynext.tech\/index.php\/about\/\",\"url\":\"https:\/\/www.skynext.tech\/index.php\/about\/\",\"name\":\"A propos... - SKYNEXT Tech.\",\"isPartOf\":{\"@id\":\"https:\/\/www.skynext.tech\/#website\"},\"datePublished\":\"2023-01-04T16:06:32+00:00\",\"dateModified\":\"2024-05-25T17:41:45+00:00\",\"description\":\"We offer services in power electronics reverse engineering & EDA & Electronics coaching and training & We also specialize in small size farming automation. Contact us now.\",\"breadcrumb\":{\"@id\":\"https:\/\/www.skynext.tech\/index.php\/about\/#breadcrumb\"},\"inLanguage\":\"en-US\",\"potentialAction\":[{\"@type\":\"ReadAction\",\"target\":[\"https:\/\/www.skynext.tech\/index.php\/about\/\"]}]},{\"@type\":\"BreadcrumbList\",\"@id\":\"https:\/\/www.skynext.tech\/index.php\/about\/#breadcrumb\",\"itemListElement\":[{\"@type\":\"ListItem\",\"position\":1,\"name\":\"Home\",\"item\":\"https:\/\/www.skynext.tech\/\"},{\"@type\":\"ListItem\",\"position\":2,\"name\":\"A propos&#8230;\"}]},{\"@type\":\"WebSite\",\"@id\":\"https:\/\/www.skynext.tech\/#website\",\"url\":\"https:\/\/www.skynext.tech\/\",\"name\":\"SKYNEXT Tech.\",\"description\":\"Power Electronics &amp; Reverse Engineering\",\"publisher\":{\"@id\":\"https:\/\/www.skynext.tech\/#organization\"},\"potentialAction\":[{\"@type\":\"SearchAction\",\"target\":{\"@type\":\"EntryPoint\",\"urlTemplate\":\"https:\/\/www.skynext.tech\/?s={search_term_string}\"},\"query-input\":{\"@type\":\"PropertyValueSpecification\",\"valueRequired\":true,\"valueName\":\"search_term_string\"}}],\"inLanguage\":\"en-US\"},{\"@type\":\"Organization\",\"@id\":\"https:\/\/www.skynext.tech\/#organization\",\"name\":\"SKYNEXT Tech.\",\"alternateName\":\"DELIVERYSIMO EIRL\",\"url\":\"https:\/\/www.skynext.tech\/\",\"logo\":{\"@type\":\"ImageObject\",\"inLanguage\":\"en-US\",\"@id\":\"https:\/\/www.skynext.tech\/#\/schema\/logo\/image\/\",\"url\":\"https:\/\/www.skynext.tech\/wp-content\/uploads\/2019\/09\/cropped-SKYNEXT_logo_square-2.png\",\"contentUrl\":\"https:\/\/www.skynext.tech\/wp-content\/uploads\/2019\/09\/cropped-SKYNEXT_logo_square-2.png\",\"width\":210,\"height\":210,\"caption\":\"SKYNEXT Tech.\"},\"image\":{\"@id\":\"https:\/\/www.skynext.tech\/#\/schema\/logo\/image\/\"}}]}<\/script>\n<!-- \/ Yoast SEO plugin. -->","yoast_head_json":{"title":"A propos... - SKYNEXT Tech.","description":"We offer services in power electronics reverse engineering & EDA & Electronics coaching and training & We also specialize in small size farming automation. Contact us now.","robots":{"index":"index","follow":"follow","max-snippet":"max-snippet:-1","max-image-preview":"max-image-preview:large","max-video-preview":"max-video-preview:-1"},"canonical":"https:\/\/www.skynext.tech\/index.php\/about\/","og_locale":"en_US","og_type":"article","og_title":"A propos... - SKYNEXT Tech.","og_description":"We offer services in power electronics reverse engineering & EDA & Electronics coaching and training & We also specialize in small size farming automation. Contact us now.","og_url":"https:\/\/www.skynext.tech\/index.php\/about\/","og_site_name":"SKYNEXT Tech.","article_modified_time":"2024-05-25T17:41:45+00:00","twitter_card":"summary_large_image","twitter_misc":{"Est. reading time":"1 minute"},"schema":{"@context":"https:\/\/schema.org","@graph":[{"@type":"WebPage","@id":"https:\/\/www.skynext.tech\/index.php\/about\/","url":"https:\/\/www.skynext.tech\/index.php\/about\/","name":"A propos... - SKYNEXT Tech.","isPartOf":{"@id":"https:\/\/www.skynext.tech\/#website"},"datePublished":"2023-01-04T16:06:32+00:00","dateModified":"2024-05-25T17:41:45+00:00","description":"We offer services in power electronics reverse engineering & EDA & Electronics coaching and training & We also specialize in small size farming automation. Contact us now.","breadcrumb":{"@id":"https:\/\/www.skynext.tech\/index.php\/about\/#breadcrumb"},"inLanguage":"en-US","potentialAction":[{"@type":"ReadAction","target":["https:\/\/www.skynext.tech\/index.php\/about\/"]}]},{"@type":"BreadcrumbList","@id":"https:\/\/www.skynext.tech\/index.php\/about\/#breadcrumb","itemListElement":[{"@type":"ListItem","position":1,"name":"Home","item":"https:\/\/www.skynext.tech\/"},{"@type":"ListItem","position":2,"name":"A propos&#8230;"}]},{"@type":"WebSite","@id":"https:\/\/www.skynext.tech\/#website","url":"https:\/\/www.skynext.tech\/","name":"SKYNEXT Tech.","description":"Power Electronics &amp; Reverse Engineering","publisher":{"@id":"https:\/\/www.skynext.tech\/#organization"},"potentialAction":[{"@type":"SearchAction","target":{"@type":"EntryPoint","urlTemplate":"https:\/\/www.skynext.tech\/?s={search_term_string}"},"query-input":{"@type":"PropertyValueSpecification","valueRequired":true,"valueName":"search_term_string"}}],"inLanguage":"en-US"},{"@type":"Organization","@id":"https:\/\/www.skynext.tech\/#organization","name":"SKYNEXT Tech.","alternateName":"DELIVERYSIMO EIRL","url":"https:\/\/www.skynext.tech\/","logo":{"@type":"ImageObject","inLanguage":"en-US","@id":"https:\/\/www.skynext.tech\/#\/schema\/logo\/image\/","url":"https:\/\/www.skynext.tech\/wp-content\/uploads\/2019\/09\/cropped-SKYNEXT_logo_square-2.png","contentUrl":"https:\/\/www.skynext.tech\/wp-content\/uploads\/2019\/09\/cropped-SKYNEXT_logo_square-2.png","width":210,"height":210,"caption":"SKYNEXT Tech."},"image":{"@id":"https:\/\/www.skynext.tech\/#\/schema\/logo\/image\/"}}]}},"_links":{"self":[{"href":"https:\/\/www.skynext.tech\/index.php\/wp-json\/wp\/v2\/pages\/158","targetHints":{"allow":["GET"]}}],"collection":[{"href":"https:\/\/www.skynext.tech\/index.php\/wp-json\/wp\/v2\/pages"}],"about":[{"href":"https:\/\/www.skynext.tech\/index.php\/wp-json\/wp\/v2\/types\/page"}],"author":[{"embeddable":true,"href":"https:\/\/www.skynext.tech\/index.php\/wp-json\/wp\/v2\/users\/1"}],"replies":[{"embeddable":true,"href":"https:\/\/www.skynext.tech\/index.php\/wp-json\/wp\/v2\/comments?post=158"}],"version-history":[{"count":11,"href":"https:\/\/www.skynext.tech\/index.php\/wp-json\/wp\/v2\/pages\/158\/revisions"}],"predecessor-version":[{"id":1198,"href":"https:\/\/www.skynext.tech\/index.php\/wp-json\/wp\/v2\/pages\/158\/revisions\/1198"}],"wp:attachment":[{"href":"https:\/\/www.skynext.tech\/index.php\/wp-json\/wp\/v2\/media?parent=158"}],"curies":[{"name":"wp","href":"https:\/\/api.w.org\/{rel}","templated":true}]}}